{"id":564,"date":"2016-11-03T09:08:07","date_gmt":"2016-11-03T08:08:07","guid":{"rendered":"http:\/\/low-riding.com\/?page_id=564"},"modified":"2016-11-03T09:08:07","modified_gmt":"2016-11-03T08:08:07","slug":"lexique-parfait-pilote-de-drone","status":"publish","type":"page","link":"https:\/\/homelab.be\/index.php\/lexique-parfait-pilote-de-drone\/","title":{"rendered":"Lexique du parfait pilote de drone"},"content":{"rendered":"<header>\n<h2>Des mots et termes accessibles \u00e0 tous.<\/h2>\n<\/header>\n<p>ESC,PMU,FPV,GIMBAL,&#8230; sont autant de mots barbares inconnus des d\u00e9butants mais si souvent utilis\u00e9 par les aficionados!<br \/>\nNous allons donc essayer de d\u00e9mystifier ce vocabulaire afin de le rendre beaucoup plus simple \u00e0 comprendre.<br \/>\nDe plus, lors d&rsquo;une rencontre entre amateurs, c&rsquo;est tellement plus facile d&rsquo;utiliser le m\u00eame vocabulaire et de parler la m\u00eame langue&#8230; non?<\/p>\n<h3><\/h3>\n<h4>ANT<br \/>\nAntenna<br \/>\nAntenne<\/h4>\n<p>C&rsquo;est l&rsquo;antenne, qu&rsquo;elle soit de votre r\u00e9cepteur radio, de votre t\u00e9l\u00e9commande ou de l&rsquo;\u00e9metteur vid\u00e9o&#8230;<\/p>\n<h4><\/h4>\n<h4>ARF<br \/>\nAlmost Ready to Fly<br \/>\nPresque pr\u00eat \u00e0 voler<\/h4>\n<p>C&rsquo;est l&rsquo;appareil avec plus ou moins d&rsquo;\u00e9lectronique, mais il n&rsquo;y aura ni r\u00e9cepteur radio, ni t\u00e9l\u00e9commande.<br \/>\nIl vous faudra \u00eatre attentif \u00e0 la description des pi\u00e8ces fournies&#8230;<\/p>\n<h4><\/h4>\n<h4>BAL<br \/>\nBalanced<br \/>\n\u00c9quilibr\u00e9<\/h4>\n<p>On associe souvent ce terme aux h\u00e9lices.<br \/>\nVous verrez ou entendrez souvent \u00ab\u00a0balanced props\u00a0\u00bb, c&rsquo;est \u00e0 dire \u00ab\u00a0h\u00e9lices \u00e9quilibr\u00e9es\u00a0\u00bb&#8230; une h\u00e9lice bien \u00e9quilibr\u00e9e engendrera moins de vibrations sur l&rsquo;appareil donc donnera un appareil plus stable et une image vid\u00e9o plus stable \u00e9galement.<br \/>\nMais ce terme peut aussi \u00eatre associ\u00e9 \u00e0 l&rsquo;appareil tout entier, car un appareil bien \u00e9quilibr\u00e9 avec des masses bien r\u00e9parties fera moins souffrir les moteurs et consommera moins (donc aura une meilleure autonomie).<\/p>\n<h4><\/h4>\n<h4>BIND<br \/>\nBind<br \/>\nAppairer<\/h4>\n<p>Appairer 2 appareils entre eux.<br \/>\nExemple: relier la t\u00e9l\u00e9commande commande avec le drone ou votre kit main-libre avec votre gsm.<\/p>\n<h4><\/h4>\n<h4>BNF<br \/>\nBind and Fly<br \/>\nAppairer et voler<\/h4>\n<p>Ce sont les appareils contenant toute l&rsquo;\u00e9lectronique n\u00e9cessaire mais qui sont d\u00e9pourvus de t\u00e9l\u00e9commande.<br \/>\nIl ne vous reste qu&rsquo;\u00e0 appairer votre propre t\u00e9l\u00e9commande \u00e0 cet appareil pour pouvoir le piloter&#8230; A condition que le r\u00e9cepteur de l&rsquo;appareil soit compatible avec votre t\u00e9l\u00e9commande!<\/p>\n<h4><\/h4>\n<h4>BOOM<br \/>\nBoom<br \/>\nBras<\/h4>\n<p>Non il ne s&rsquo;agit pas du bruit que fait votre appareil quand il passe le mur du son&#8230; il s&rsquo;agit du bras m\u00e9canique qui relie le moteur au reste de l&rsquo;appareil.<\/p>\n<h4><\/h4>\n<h4>BRUSHLESS<br \/>\nBrushless<br \/>\nSans balais<\/h4>\n<p>D\u00e9crit la technologie utilis\u00e9 par les moteurs qui \u00e9quipent nos appareils.<br \/>\nPour plus d&rsquo;information sur cette technologie, vous pouvez aller consulter <a href=\"http:\/\/fr.wikipedia.org\/wiki\/Moteur_sans_balais\">Wikipedia<\/a><\/p>\n<h4><\/h4>\n<h4>BTU<br \/>\nBluetooth Unit<br \/>\nUnit\u00e9 bluetooth<\/h4>\n<p>C&rsquo;est un module \u00e9lectronique radio qui permet une connexion sans fil entre votre appareil avec un autre appareil \u00e9quip\u00e9 de la m\u00eame technologie.<br \/>\nIl permet notamment de faire les r\u00e9glages de l&rsquo;appareil avec une tablette ou un smartphone sans devoir brancher un c\u00e2ble.<\/p>\n<h4><\/h4>\n<h4>CALI<br \/>\nCalibration<br \/>\n\u00c9talonnage<\/h4>\n<p>C&rsquo;est l&rsquo;\u00e9talonnage des diff\u00e9rents capteurs de l&rsquo;appareil.<\/p>\n<h4><\/h4>\n<h4>CANOPY<br \/>\nCanopy<br \/>\nProtection<\/h4>\n<p>C&rsquo;est la carrosserie, la protection de l&rsquo;appareil<\/p>\n<h4><\/h4>\n<h4>CF<br \/>\nCarbon Fiber<br \/>\nFibre de carbone<\/h4>\n<p>C&rsquo;est avec cette mati\u00e8re qu&rsquo;on fabrique certaines pi\u00e8ces et\/ou ch\u00e2ssis de nos machines.<br \/>\nLe carbone a l&rsquo;avantage d&rsquo;\u00eatre plus l\u00e9ger que la fibre de verre et plus r\u00e9sistant que la fibre de verre mais il est aussi conducteur \u00e9lectriquement donc attention au court-circuit et radio isolant donc penser \u00e0 bien d\u00e9gager les antennes de votre r\u00e9cepteur.<\/p>\n<h4><\/h4>\n<h4>CHAN<br \/>\nChannel<br \/>\nCanaux<\/h4>\n<p>Ce sont les routes de transmission des signaux.<br \/>\nPlus commun\u00e9ment appel\u00e9s \u00ab\u00a0voies\u00a0\u00bb de transmission.<br \/>\nNos t\u00e9l\u00e9commandes sont pourvues de plusieurs voies (minimum 4): 1 pour monter\/descendre, 1 pour avancer\/reculer, 1 pour aller \u00e0 gauche\/droite, 1 pour faire une rotation gauche\/droite&#8230; et ensuite il y en a des suppl\u00e9mentaires pour par exemple piloter la nacelle de la cam\u00e9ra.<\/p>\n<h4><\/h4>\n<h4>COMPAS<br \/>\nCompas<br \/>\nBoussole<\/h4>\n<p>C&rsquo;est la boussole, version \u00e9lectronique, de l&rsquo;appareil.<\/p>\n<h4><\/h4>\n<h4>DDS<br \/>\nDds<br \/>\nDds<\/h4>\n<p>Plus commun\u00e9ment appel\u00e9 \u00ab\u00a0Danse des sioux\u00a0\u00bb, ce terme est utilis\u00e9 lorsqu&rsquo;on effectue un \u00e9talonnage du compas \u00e9lectronique de l&rsquo;appareil sur le terrain.<\/p>\n<h4><\/h4>\n<h4>ESC<br \/>\nElectronic Speed Controller<br \/>\nContr\u00f4leur de vitesse \u00e9lectronique<\/h4>\n<p>Circuit qui contr\u00f4lera et adaptera la vitesse des moteurs.<\/p>\n<h4><\/h4>\n<h4>FPS<br \/>\nFrames Per Second<br \/>\nTrames par seconde<\/h4>\n<p>C&rsquo;est le nombre d&rsquo;images par seconde qu&rsquo;enregistre une cam\u00e9ra.<br \/>\nOn peux aussi parler de IPS: images par seconde.<br \/>\nEn r\u00e8gle g\u00e9n\u00e9rale on filmera \u00e0 25FPS ou 50FPS (2x plus vite) pour avoir un rendu plus doux de la vid\u00e9o.<\/p>\n<h4><\/h4>\n<h4>FPV<br \/>\nFirst Person View<br \/>\nVue \u00e0 la premi\u00e8re personne<\/h4>\n<p>Consiste \u00e0 embarquer une cam\u00e9ra sur l&rsquo;appareil afin d&rsquo;avoir une vue \u00ab\u00a0comme si on \u00e9tait dedans\u00a0\u00bb.<br \/>\non peut aussi placer un \u00e9metteur vid\u00e9o sur l&rsquo;appareil afin d&rsquo;avoir une retransmission au sol de l&rsquo;image de la cam\u00e9ra (on appelle cela du vol en immersion)<\/p>\n<h4><\/h4>\n<h4>FRAME<br \/>\nFrame<br \/>\nCadre<\/h4>\n<p>C&rsquo;est le cadre, la charpente, la structure m\u00e9canique de l&rsquo;appareil.<\/p>\n<h4><\/h4>\n<h4>FREQ<br \/>\nFrequency<br \/>\nFr\u00e9quence<\/h4>\n<p>C&rsquo;est la fr\u00e9quence radio utilis\u00e9e par nos \u00e9metteurs radio.<br \/>\nDans notre hobby, les fr\u00e9quences principales utilis\u00e9es sont 433MHz, 1.2GHz, 2.4GHz et 5.8GHz (ces deux derni\u00e8res sont principalement utilis\u00e9es par nos appareils).<\/p>\n<h4><\/h4>\n<h4>FS<br \/>\nFail Safe<br \/>\nSans danger en cas de probl\u00e8me<\/h4>\n<p>C&rsquo;est un mode de contr\u00f4le qui place l&rsquo;appareil en situation de s\u00e9curit\u00e9 lorsqu&rsquo;un probl\u00e8me survient.<br \/>\nExemple: Si la batterie est \u00e9puis\u00e9e, il fera atterrir tout seul l&rsquo;appareil ou si l&rsquo;appareil perd le signal de la t\u00e9l\u00e9commande, il reviendra tout seul \u00e0 son point de d\u00e9part et se posera.<\/p>\n<h4><\/h4>\n<h4>GF<br \/>\nGlass Fiber<br \/>\nFibre de verre<\/h4>\n<p>C&rsquo;est avec cette mati\u00e8re qu&rsquo;on fabrique une partie des pi\u00e8ces de nos machines.<\/p>\n<h4><\/h4>\n<h4>GIMBAL<br \/>\nGimbal<br \/>\nNacelle<\/h4>\n<p>La nacelle est la partie m\u00e9canique sur laquelle vient se fixer la cam\u00e9ra.<br \/>\nCe dispositif peut \u00eatre fixe ou motoris\u00e9 sur un ou plusieurs axes garantissant une stabilisation optimale de l&rsquo;image d\u00e9livr\u00e9e par la cam\u00e9ra.<\/p>\n<h4><\/h4>\n<h4>GPS<br \/>\nGlobal Positioning System<br \/>\nSyst\u00e8me de positionnement global<\/h4>\n<p>C&rsquo;est l&rsquo;\u00e9lectronique qui permet de se rep\u00e9rer g\u00e9ographiquement par la latitude et la longitude gr\u00e2ce aux satellites pr\u00e9sents dans notre ciel.<br \/>\nA l&rsquo;heure actuelle, je pense qu&rsquo;il n&rsquo;est plus n\u00e9cessaire d&rsquo;expliquer ce que c&rsquo;est..<\/p>\n<h4><\/h4>\n<h4>HL<br \/>\nHome Lock<br \/>\nVerrouillage du point de d\u00e9part<\/h4>\n<p>C&rsquo;est un mode de vol qui permet de faire revenir l&rsquo;appareil vers le point de d\u00e9part, quelque soit son orientation, en tirant la manette de gaz vers soi.<br \/>\nMode de vol tr\u00e8s pratique quand on ne sais plus dans quelle direction se trouve l&rsquo;appareil.<\/p>\n<h4><\/h4>\n<h4>IMU<br \/>\nInertial Measurement Unit<br \/>\nUnit\u00e9 de mesure inertielle<\/h4>\n<p>C&rsquo;est l&rsquo;\u00e9lectronique qui mesure et rapporte la v\u00e9locit\u00e9, l&rsquo;orientation et les forces gravitationnelles de l&rsquo;appareil en utilisant une combinaison d\u2019acc\u00e9l\u00e9rom\u00e8tres, de gyroscopes et parfois de magn\u00e9tom\u00e8tres.<br \/>\nExemple d&rsquo;IMU: le contr\u00f4leur NAZA de chez DJI.<\/p>\n<h4><\/h4>\n<h4>IOC<br \/>\nIntelligent Orientation Control<br \/>\nContr\u00f4le intelligent de l&rsquo;orientation.<\/h4>\n<p>C&rsquo;est un syst\u00e8me \u00e9lectronique qui assiste le pilote dans ses manoeuvres de pilotage.<\/p>\n<h4><\/h4>\n<h4>JELLO<br \/>\nJello<br \/>\nDistorsion<\/h4>\n<p>C&rsquo;est l&rsquo;effet de d\u00e9formation\/distorsion de l&rsquo;image pr\u00e9sent dans une vid\u00e9o faite au moyen d&rsquo;une cam\u00e9ra embarqu\u00e9e sur nos appareils.<br \/>\nPlus commun\u00e9ment appel\u00e9 \u00ab\u00a0effet pudding\u00a0\u00bb.<br \/>\nC&rsquo;est comme si on pla\u00e7ait un pudding devant la cam\u00e9ra, donnant une image instable et peu agr\u00e9able \u00e0 regarder.<br \/>\nCet effet est souvent caus\u00e9 par les vibrations de l&rsquo;appareil.<\/p>\n<h4><\/h4>\n<h4>LED<br \/>\nLight Emitting Diode<br \/>\nDiode \u00e9lectroluminescente<\/h4>\n<p>C&rsquo;est un composant \u00e9lectronique qui produit de la lumi\u00e8re.<br \/>\nIl y en a de toutes les sortes sur nos appareils&#8230; des rouges, des vertes, des bleues, qui changent de couleur,&#8230;<\/p>\n<h4><\/h4>\n<h4>LIPO<br \/>\nLiPo<br \/>\nLithium Polym\u00e8re<\/h4>\n<p>C&rsquo;est la technologie utilis\u00e9e dans nos accumulateurs\/batteries.<br \/>\nQuand on parle de \u00ab\u00a0lipo\u00a0\u00bb, on parle de nos batteries.<\/p>\n<h4><\/h4>\n<h4>LOS<br \/>\nLine Of Sight<br \/>\nA vue<\/h4>\n<p>D\u00e9signe simplement le fait de voler \u00e0 vue.<\/p>\n<h4><\/h4>\n<h4>MODE<br \/>\nMode<br \/>\nMode<\/h4>\n<p>C&rsquo;est le mode de fonctionnement de la t\u00e9l\u00e9commande.<br \/>\nMODE 1: la manette de gaz (monter\/descendre) est \u00e0 droite<br \/>\nMODE 2: la manette de gaz (monter\/descendre) est \u00e0 gauche<\/p>\n<h4><\/h4>\n<h4>OSD<br \/>\nOn Screen Display<br \/>\nAffichage \u00e0 l&rsquo;\u00e9cran<\/h4>\n<p>C&rsquo;est un module \u00e9lectronique qui permet d&rsquo;afficher, sur l&rsquo;image de la cam\u00e9ra embarqu\u00e9e, les param\u00e8tres des capteurs de l&rsquo;appareil.<br \/>\nPar exemple ce qu&rsquo;il reste dans la batterie, la localisation GPS, l&rsquo;altitude, la vitesse,&#8230;<\/p>\n<h4><\/h4>\n<h4>PAN<br \/>\nPan<br \/>\nPanoramique<\/h4>\n<p>C&rsquo;est le mouvement de gauche \u00e0 droite ou de droite \u00e0 gauche de la nacelle de la cam\u00e9ra.<\/p>\n<h4><\/h4>\n<h4>PDB<br \/>\nPower Distribution Board<br \/>\nCarte de distribution de puissance<\/h4>\n<p>C&rsquo;est la carte \u00e9lectronique sur laquelle la batterie est connect\u00e9e et qui r\u00e9parti la puissance de cette batterie vers les cartes de gestion de moteur. En g\u00e9n\u00e9ral on la place pour \u00e9viter de faire trop de c\u00e2blage.<\/p>\n<h4><\/h4>\n<h4>PITCH<br \/>\nPitch<br \/>\nTangage<\/h4>\n<p>C&rsquo;est la possibilit\u00e9 qu&rsquo;a l&rsquo;appareil \u00e0 \u00e9voluer vers l&rsquo;avant ou l&rsquo;arri\u00e8re.<br \/>\nExemple: sur une t\u00e9l\u00e9commande MODE 2, le pitch se trouve sur la manette de droite. Quand vous la d\u00e9placez vers l&rsquo;avant ou vers l&rsquo;arri\u00e8re, l&rsquo;appareil volera vers l&rsquo;avant ou vers l&rsquo;arri\u00e8re.<\/p>\n<h4><\/h4>\n<h4>PMU<br \/>\nPower Management Unit<br \/>\nUnit\u00e9 d&rsquo;administration de l&rsquo;alimentation<\/h4>\n<p>C&rsquo;est l&rsquo;\u00e9lectronique qui permet la r\u00e9gulation et la gestion de l&rsquo;alimentation de nos appareils.<\/p>\n<h4><\/h4>\n<h4>PNF<br \/>\nPlug And Fly<br \/>\nBrancher et voler<\/h4>\n<p>C&rsquo;est l&rsquo;appareil fourni avec l&rsquo;\u00e9lectronique n\u00e9cessaire \u00e0 l&rsquo;exception des batteries, du chargeur, du r\u00e9cepteur radio et de la t\u00e9l\u00e9commande.<br \/>\nIl vous faudra donc monter dessus votre propre r\u00e9cepteur radio associ\u00e9 \u00e0 votre propre t\u00e9l\u00e9commande et acheter un chargeur et des batteries.<\/p>\n<h4><\/h4>\n<h4>PROPS<br \/>\nPropellers<br \/>\nH\u00e9lices<\/h4>\n<p>Ce sont les h\u00e9lices fix\u00e9es sur les moteurs de nos appareils.<br \/>\nElles peuvent \u00eatre en carbone, en bois ou en plastique.<\/p>\n<h4><\/h4>\n<h4>RADIO<br \/>\nRadio<br \/>\nRadio<\/h4>\n<p>C&rsquo;est tout simplement la t\u00e9l\u00e9commande<\/p>\n<h4><\/h4>\n<h4>ROLL<br \/>\nRoll<br \/>\nRoulis<\/h4>\n<p>C&rsquo;est la capacit\u00e9 qu&rsquo;a l&rsquo;appareil \u00e0 \u00e9voluer sur la gauche ou sur la droite.<br \/>\nExemple: sur une t\u00e9l\u00e9commande MODE 2, vous trouverez le ROLL sur la manette de droite. Quand vous la d\u00e9placez \u00e0 gauche ou \u00e0 droite, l&rsquo;appareil volera vers la gauche ou vers la droite.<\/p>\n<h4><\/h4>\n<h4>RTF<br \/>\nReady To Fly<br \/>\nPr\u00eat \u00e0 voler<\/h4>\n<p>Ce sont les appareils d\u00e9j\u00e0 mont\u00e9s et pr\u00eats \u00e0 voler.Ils sont fournis avec toute l&rsquo;\u00e9lectronique ainsi que la t\u00e9l\u00e9commande.<\/p>\n<h4><\/h4>\n<h4>RTH<br \/>\nReturn To Home<br \/>\nRetour \u00e0 la maison<\/h4>\n<p>C&rsquo;est un mode qui permet \u00e0 l&rsquo;appareil, une fois enclench\u00e9 par la t\u00e9l\u00e9commande ou par l&rsquo;ordinateur de bord, de revenir se poser \u00e0 son point de d\u00e9part.<\/p>\n<h4><\/h4>\n<h4>RX<br \/>\nReceiver<br \/>\nR\u00e9cepteur<\/h4>\n<p>C&rsquo;est le module \u00e9lectronique qui re\u00e7oit des informations radio.<br \/>\nExemple: celui qui re\u00e7oit les information de la t\u00e9l\u00e9commande, celui qui re\u00e7oit l&rsquo;image retransmise d&rsquo;une cam\u00e9ra embarqu\u00e9e sur l&rsquo;appareil,&#8230;<\/p>\n<h4><\/h4>\n<h4>STICK<br \/>\nStick<br \/>\nManette<\/h4>\n<p>On d\u00e9signe par \u00ab\u00a0sticks\u00a0\u00bb les manettes de contr\u00f4le des t\u00e9l\u00e9commandes.<\/p>\n<h4><\/h4>\n<h4>THROTTLE<br \/>\nThrottle<br \/>\nAcc\u00e9l\u00e9rateur<\/h4>\n<p>C&rsquo;est le terme utilis\u00e9 pour les gaz de l&rsquo;appareil.<br \/>\nLe throttle permet de faire monter ou descendre l&rsquo;appareil (ou faire avancer plus ou moins vite un avion).<br \/>\nExemple: Avec une t\u00e9l\u00e9commande MODE 2 c&rsquo;est la manette de gauche. Lorsque vous la d\u00e9placez vers l&rsquo;avant ou vers l\u00a0\u00bbarri\u00e8re, l&rsquo;appareil monte ou descend.<\/p>\n<h4><\/h4>\n<h4>TILT<br \/>\nTilt<br \/>\nInclinaison<\/h4>\n<p>C&rsquo;est l&rsquo;inclinaison \u00e9lectronique de bas en haut ou de haut en bas de la nacelle de la cam\u00e9ra.<\/p>\n<h4><\/h4>\n<h4>TX<br \/>\nTransceiver<br \/>\nEmetteur<\/h4>\n<p>C&rsquo;est un module \u00e9lectronique qui \u00e9met des signaux radio.<br \/>\nExemple: celui pr\u00e9sent dans la t\u00e9l\u00e9commande pour envoyer les informations \u00e0 l&rsquo;appareil, celui qui transmet les images d&rsquo;une cam\u00e9ra embarqu\u00e9e sur l&rsquo;appareil,&#8230;<\/p>\n<h4><\/h4>\n<h4>YAW<br \/>\nYaw<br \/>\nLacet<\/h4>\n<p>Ce terme d\u00e9signe la possibilit\u00e9 qu&rsquo;a l&rsquo;appareil \u00e0 tourner sur lui m\u00eame.<br \/>\nExemple: vous avez une t\u00e9l\u00e9commande MODE 2, la manette de YAW est celle de gauche et lorsque vous la bougez \u00e0 gauche ou \u00e0 droite, l&rsquo;appareil fait une rotation \u00e0 gauche ou \u00e0 droite sur lui m\u00eame.<\/p>\n","protected":false},"excerpt":{"rendered":"<p>Des mots et termes accessibles \u00e0 tous. ESC,PMU,FPV,GIMBAL,&#8230; sont autant de mots barbares inconnus des d\u00e9butants mais si souvent utilis\u00e9 par les aficionados! Nous allons donc essayer de d\u00e9mystifier ce vocabulaire afin de le rendre beaucoup plus simple \u00e0 comprendre. De plus, lors d&rsquo;une rencontre entre amateurs, c&rsquo;est tellement plus facile d&rsquo;utiliser le m\u00eame vocabulaire [&hellip;]<\/p>\n","protected":false},"author":1,"featured_media":0,"parent":0,"menu_order":0,"comment_status":"closed","ping_status":"closed","template":"","meta":{"footnotes":""},"class_list":["post-564","page","type-page","status-publish","czr-hentry"],"yoast_head":"<!-- This site is optimized with the Yoast SEO plugin v27.4 - https:\/\/yoast.com\/product\/yoast-seo-wordpress\/ -->\n<title>Lexique du parfait pilote de drone - HomeLab<\/title>\n<meta name=\"robots\" content=\"index, follow, max-snippet:-1, max-image-preview:large, max-video-preview:-1\" \/>\n<link rel=\"canonical\" href=\"https:\/\/homelab.be\/index.php\/lexique-parfait-pilote-de-drone\/\" \/>\n<meta property=\"og:locale\" content=\"fr_FR\" \/>\n<meta property=\"og:type\" content=\"article\" \/>\n<meta property=\"og:title\" content=\"Lexique du parfait pilote de drone - HomeLab\" \/>\n<meta property=\"og:description\" content=\"Des mots et termes accessibles \u00e0 tous. ESC,PMU,FPV,GIMBAL,&#8230; sont autant de mots barbares inconnus des d\u00e9butants mais si souvent utilis\u00e9 par les aficionados! Nous allons donc essayer de d\u00e9mystifier ce vocabulaire afin de le rendre beaucoup plus simple \u00e0 comprendre. De plus, lors d&rsquo;une rencontre entre amateurs, c&rsquo;est tellement plus facile d&rsquo;utiliser le m\u00eame vocabulaire [&hellip;]\" \/>\n<meta property=\"og:url\" content=\"https:\/\/homelab.be\/index.php\/lexique-parfait-pilote-de-drone\/\" \/>\n<meta property=\"og:site_name\" content=\"HomeLab\" \/>\n<meta name=\"twitter:card\" content=\"summary_large_image\" \/>\n<meta name=\"twitter:label1\" content=\"Dur\u00e9e de lecture estim\u00e9e\" \/>\n\t<meta name=\"twitter:data1\" content=\"9 minutes\" \/>\n<script type=\"application\/ld+json\" class=\"yoast-schema-graph\">{\"@context\":\"https:\\\/\\\/schema.org\",\"@graph\":[{\"@type\":\"WebPage\",\"@id\":\"https:\\\/\\\/homelab.be\\\/index.php\\\/lexique-parfait-pilote-de-drone\\\/\",\"url\":\"https:\\\/\\\/homelab.be\\\/index.php\\\/lexique-parfait-pilote-de-drone\\\/\",\"name\":\"Lexique du parfait pilote de drone - HomeLab\",\"isPartOf\":{\"@id\":\"https:\\\/\\\/homelab.be\\\/#website\"},\"datePublished\":\"2016-11-03T08:08:07+00:00\",\"breadcrumb\":{\"@id\":\"https:\\\/\\\/homelab.be\\\/index.php\\\/lexique-parfait-pilote-de-drone\\\/#breadcrumb\"},\"inLanguage\":\"fr-FR\",\"potentialAction\":[{\"@type\":\"ReadAction\",\"target\":[\"https:\\\/\\\/homelab.be\\\/index.php\\\/lexique-parfait-pilote-de-drone\\\/\"]}]},{\"@type\":\"BreadcrumbList\",\"@id\":\"https:\\\/\\\/homelab.be\\\/index.php\\\/lexique-parfait-pilote-de-drone\\\/#breadcrumb\",\"itemListElement\":[{\"@type\":\"ListItem\",\"position\":1,\"name\":\"Accueil\",\"item\":\"https:\\\/\\\/homelab.be\\\/\"},{\"@type\":\"ListItem\",\"position\":2,\"name\":\"Lexique du parfait pilote de drone\"}]},{\"@type\":\"WebSite\",\"@id\":\"https:\\\/\\\/homelab.be\\\/#website\",\"url\":\"https:\\\/\\\/homelab.be\\\/\",\"name\":\"HomeLab\",\"description\":\"Un Labo dans la maison\",\"publisher\":{\"@id\":\"https:\\\/\\\/homelab.be\\\/#\\\/schema\\\/person\\\/344932b26cc0d8818e08605c7d9cef06\"},\"potentialAction\":[{\"@type\":\"SearchAction\",\"target\":{\"@type\":\"EntryPoint\",\"urlTemplate\":\"https:\\\/\\\/homelab.be\\\/?s={search_term_string}\"},\"query-input\":{\"@type\":\"PropertyValueSpecification\",\"valueRequired\":true,\"valueName\":\"search_term_string\"}}],\"inLanguage\":\"fr-FR\"},{\"@type\":[\"Person\",\"Organization\"],\"@id\":\"https:\\\/\\\/homelab.be\\\/#\\\/schema\\\/person\\\/344932b26cc0d8818e08605c7d9cef06\",\"name\":\"PapyRc\",\"image\":{\"@type\":\"ImageObject\",\"inLanguage\":\"fr-FR\",\"@id\":\"https:\\\/\\\/homelab.be\\\/wp-content\\\/uploads\\\/2019\\\/10\\\/cropped-homelab-logo.png\",\"url\":\"https:\\\/\\\/homelab.be\\\/wp-content\\\/uploads\\\/2019\\\/10\\\/cropped-homelab-logo.png\",\"contentUrl\":\"https:\\\/\\\/homelab.be\\\/wp-content\\\/uploads\\\/2019\\\/10\\\/cropped-homelab-logo.png\",\"width\":250,\"height\":100,\"caption\":\"PapyRc\"},\"logo\":{\"@id\":\"https:\\\/\\\/homelab.be\\\/wp-content\\\/uploads\\\/2019\\\/10\\\/cropped-homelab-logo.png\"}}]}<\/script>\n<!-- \/ Yoast SEO plugin. -->","yoast_head_json":{"title":"Lexique du parfait pilote de drone - HomeLab","robots":{"index":"index","follow":"follow","max-snippet":"max-snippet:-1","max-image-preview":"max-image-preview:large","max-video-preview":"max-video-preview:-1"},"canonical":"https:\/\/homelab.be\/index.php\/lexique-parfait-pilote-de-drone\/","og_locale":"fr_FR","og_type":"article","og_title":"Lexique du parfait pilote de drone - HomeLab","og_description":"Des mots et termes accessibles \u00e0 tous. ESC,PMU,FPV,GIMBAL,&#8230; sont autant de mots barbares inconnus des d\u00e9butants mais si souvent utilis\u00e9 par les aficionados! Nous allons donc essayer de d\u00e9mystifier ce vocabulaire afin de le rendre beaucoup plus simple \u00e0 comprendre. De plus, lors d&rsquo;une rencontre entre amateurs, c&rsquo;est tellement plus facile d&rsquo;utiliser le m\u00eame vocabulaire [&hellip;]","og_url":"https:\/\/homelab.be\/index.php\/lexique-parfait-pilote-de-drone\/","og_site_name":"HomeLab","twitter_card":"summary_large_image","twitter_misc":{"Dur\u00e9e de lecture estim\u00e9e":"9 minutes"},"schema":{"@context":"https:\/\/schema.org","@graph":[{"@type":"WebPage","@id":"https:\/\/homelab.be\/index.php\/lexique-parfait-pilote-de-drone\/","url":"https:\/\/homelab.be\/index.php\/lexique-parfait-pilote-de-drone\/","name":"Lexique du parfait pilote de drone - HomeLab","isPartOf":{"@id":"https:\/\/homelab.be\/#website"},"datePublished":"2016-11-03T08:08:07+00:00","breadcrumb":{"@id":"https:\/\/homelab.be\/index.php\/lexique-parfait-pilote-de-drone\/#breadcrumb"},"inLanguage":"fr-FR","potentialAction":[{"@type":"ReadAction","target":["https:\/\/homelab.be\/index.php\/lexique-parfait-pilote-de-drone\/"]}]},{"@type":"BreadcrumbList","@id":"https:\/\/homelab.be\/index.php\/lexique-parfait-pilote-de-drone\/#breadcrumb","itemListElement":[{"@type":"ListItem","position":1,"name":"Accueil","item":"https:\/\/homelab.be\/"},{"@type":"ListItem","position":2,"name":"Lexique du parfait pilote de drone"}]},{"@type":"WebSite","@id":"https:\/\/homelab.be\/#website","url":"https:\/\/homelab.be\/","name":"HomeLab","description":"Un Labo dans la maison","publisher":{"@id":"https:\/\/homelab.be\/#\/schema\/person\/344932b26cc0d8818e08605c7d9cef06"},"potentialAction":[{"@type":"SearchAction","target":{"@type":"EntryPoint","urlTemplate":"https:\/\/homelab.be\/?s={search_term_string}"},"query-input":{"@type":"PropertyValueSpecification","valueRequired":true,"valueName":"search_term_string"}}],"inLanguage":"fr-FR"},{"@type":["Person","Organization"],"@id":"https:\/\/homelab.be\/#\/schema\/person\/344932b26cc0d8818e08605c7d9cef06","name":"PapyRc","image":{"@type":"ImageObject","inLanguage":"fr-FR","@id":"https:\/\/homelab.be\/wp-content\/uploads\/2019\/10\/cropped-homelab-logo.png","url":"https:\/\/homelab.be\/wp-content\/uploads\/2019\/10\/cropped-homelab-logo.png","contentUrl":"https:\/\/homelab.be\/wp-content\/uploads\/2019\/10\/cropped-homelab-logo.png","width":250,"height":100,"caption":"PapyRc"},"logo":{"@id":"https:\/\/homelab.be\/wp-content\/uploads\/2019\/10\/cropped-homelab-logo.png"}}]}},"_links":{"self":[{"href":"https:\/\/homelab.be\/index.php\/wp-json\/wp\/v2\/pages\/564","targetHints":{"allow":["GET"]}}],"collection":[{"href":"https:\/\/homelab.be\/index.php\/wp-json\/wp\/v2\/pages"}],"about":[{"href":"https:\/\/homelab.be\/index.php\/wp-json\/wp\/v2\/types\/page"}],"author":[{"embeddable":true,"href":"https:\/\/homelab.be\/index.php\/wp-json\/wp\/v2\/users\/1"}],"replies":[{"embeddable":true,"href":"https:\/\/homelab.be\/index.php\/wp-json\/wp\/v2\/comments?post=564"}],"version-history":[{"count":0,"href":"https:\/\/homelab.be\/index.php\/wp-json\/wp\/v2\/pages\/564\/revisions"}],"wp:attachment":[{"href":"https:\/\/homelab.be\/index.php\/wp-json\/wp\/v2\/media?parent=564"}],"curies":[{"name":"wp","href":"https:\/\/api.w.org\/{rel}","templated":true}]}}